{"id":96,"date":"2018-06-18T06:57:57","date_gmt":"2018-06-18T06:57:57","guid":{"rendered":"https:\/\/cupin.lt\/about\/"},"modified":"2024-09-06T18:22:20","modified_gmt":"2024-09-06T18:22:20","slug":"apie-mus","status":"publish","type":"page","link":"https:\/\/cupin.lt\/en\/apie-mus\/","title":{"rendered":"About us"},"content":{"rendered":"<div data-elementor-type=\"wp-post\" data-elementor-id=\"96\" class=\"elementor elementor-96\">\n\t\t\t\t<div class=\"elementor-element elementor-element-dfdc5a6 e-flex e-con-boxed e-con e-parent\" data-id=\"dfdc5a6\" data-element_type=\"container\" data-e-type=\"container\" data-settings=\"{&quot;background_background&quot;:&quot;classic&quot;}\">\n\t\t\t\t\t<div class=\"e-con-inner\">\n\t\t<div class=\"elementor-element elementor-element-1eaf493 e-con-full e-flex e-con e-child\" data-id=\"1eaf493\" data-element_type=\"container\" data-e-type=\"container\">\n\t\t\t\t<div class=\"elementor-element elementor-element-2ea6a7d elementor-widget elementor-widget-heading\" data-id=\"2ea6a7d\" data-element_type=\"widget\" data-e-type=\"widget\" data-widget_type=\"heading.default\">\n\t\t\t\t<div class=\"elementor-widget-container\">\n\t\t\t\t\t<h2 class=\"elementor-heading-title elementor-size-default\">About us<\/h2>\t\t\t\t<\/div>\n\t\t\t\t<\/div>\n\t\t\t\t<div class=\"elementor-element elementor-element-a915a74 elementor-widget-divider--view-line elementor-widget elementor-widget-divider\" data-id=\"a915a74\" data-element_type=\"widget\" data-e-type=\"widget\" data-widget_type=\"divider.default\">\n\t\t\t\t<div class=\"elementor-widget-container\">\n\t\t\t\t\t\t\t<div class=\"elementor-divider\">\n\t\t\t<span class=\"elementor-divider-separator\">\n\t\t\t\t\t\t<\/span>\n\t\t<\/div>\n\t\t\t\t\t\t<\/div>\n\t\t\t\t<\/div>\n\t\t\t\t<\/div>\n\t\t\t\t\t<\/div>\n\t\t\t\t<\/div>\n\t\t<div class=\"elementor-element elementor-element-6578245 e-flex e-con-boxed e-con e-parent\" data-id=\"6578245\" data-element_type=\"container\" data-e-type=\"container\">\n\t\t\t\t\t<div class=\"e-con-inner\">\n\t\t<div class=\"elementor-element elementor-element-625da73 e-con-full e-flex e-con e-child\" data-id=\"625da73\" data-element_type=\"container\" data-e-type=\"container\">\n\t\t\t\t<div class=\"elementor-element elementor-element-3977cc6 elementor-widget elementor-widget-spacer\" data-id=\"3977cc6\" data-element_type=\"widget\" data-e-type=\"widget\" data-widget_type=\"spacer.default\">\n\t\t\t\t<div class=\"elementor-widget-container\">\n\t\t\t\t\t\t\t<div class=\"elementor-spacer\">\n\t\t\t<div class=\"elementor-spacer-inner\"><\/div>\n\t\t<\/div>\n\t\t\t\t\t\t<\/div>\n\t\t\t\t<\/div>\n\t\t\t\t<\/div>\n\t\t\t\t\t<\/div>\n\t\t\t\t<\/div>\n\t\t<div class=\"elementor-element elementor-element-748980c e-flex e-con-boxed e-con e-parent\" data-id=\"748980c\" data-element_type=\"container\" data-e-type=\"container\">\n\t\t\t\t\t<div class=\"e-con-inner\">\n\t\t<div class=\"elementor-element elementor-element-9945606 e-con-full e-flex e-con e-child\" data-id=\"9945606\" data-element_type=\"container\" data-e-type=\"container\">\n\t\t\t\t<div class=\"elementor-element elementor-element-a7818be elementor-widget elementor-widget-heading\" data-id=\"a7818be\" data-element_type=\"widget\" data-e-type=\"widget\" data-widget_type=\"heading.default\">\n\t\t\t\t<div class=\"elementor-widget-container\">\n\t\t\t\t\t<h3 class=\"elementor-heading-title elementor-size-default\">About our company<\/h3>\t\t\t\t<\/div>\n\t\t\t\t<\/div>\n\t\t\t\t<div class=\"elementor-element elementor-element-fe4d709 elementor-widget elementor-widget-text-editor\" data-id=\"fe4d709\" data-element_type=\"widget\" data-e-type=\"widget\" data-widget_type=\"text-editor.default\">\n\t\t\t\t<div class=\"elementor-widget-container\">\n\t\t\t\t\t\t\t\t\t<p>Krautuv\u0117lis UAB is a company that focuses on supplying goods to Europe. The company is distinguished by its licenses, high level of professionalism and experienced team to ensure quality delivery of goods. The company has established strong links with factories in both Europe and Asia, and supplies a wide range of products to retailers at attractive prices.<\/p>\t\t\t\t\t\t\t\t<\/div>\n\t\t\t\t<\/div>\n\t\t\t\t<div class=\"elementor-element elementor-element-40a866a elementor-widget elementor-widget-text-editor\" data-id=\"40a866a\" data-element_type=\"widget\" data-e-type=\"widget\" data-widget_type=\"text-editor.default\">\n\t\t\t\t<div class=\"elementor-widget-container\">\n\t\t\t\t\t\t\t\t\t<p>We produce disposable paper cups using high-density cardboard, which is harmless to humans and the environment, and maintains the original temperature of the drink for a long time. Multi-level quality control ensures the absence of leaks, and a flexible pricing system allows us to offer the lowest production price with consistently high quality. By choosing us, you get not only a reliable supplier, qualified consultations and quality products, but also satisfied customers who buy drinks from you every day!<\/p>\t\t\t\t\t\t\t\t<\/div>\n\t\t\t\t<\/div>\n\t\t\t\t<div class=\"elementor-element elementor-element-430aaa3 elementor-widget elementor-widget-text-editor\" data-id=\"430aaa3\" data-element_type=\"widget\" data-e-type=\"widget\" data-widget_type=\"text-editor.default\">\n\t\t\t\t<div class=\"elementor-widget-container\">\n\t\t\t\t\t\t\t\t\t<p>Making beautifully printed cardboard cups is a great idea for advertising and general promotion. We can customize cardboard designs for both wholesale customers and small orders. The simplest cup labelling can increase sales, improve attitudes or promote a new drink. High-quality cardboard cups with individual printing improve the image of companies.<\/p>\t\t\t\t\t\t\t\t<\/div>\n\t\t\t\t<\/div>\n\t\t\t\t<\/div>\n\t\t<div class=\"elementor-element elementor-element-f499284 e-con-full e-flex e-con e-child\" data-id=\"f499284\" data-element_type=\"container\" data-e-type=\"container\">\n\t\t\t\t<div class=\"elementor-element elementor-element-12d7e03 elementor-widget elementor-widget-image\" data-id=\"12d7e03\" data-element_type=\"widget\" data-e-type=\"widget\" data-widget_type=\"image.default\">\n\t\t\t\t<div class=\"elementor-widget-container\">\n\t\t\t\t\t\t\t\t\t\t\t\t\t\t\t<img fetchpriority=\"high\" decoding=\"async\" width=\"911\" height=\"1024\" src=\"https:\/\/cupin.lt\/wp-content\/uploads\/2024\/03\/Coffeecups-911x1024.webp\" class=\"attachment-large size-large wp-image-5706\" alt=\"\" srcset=\"https:\/\/cupin.lt\/wp-content\/uploads\/2024\/03\/Coffeecups-911x1024.webp 911w, https:\/\/cupin.lt\/wp-content\/uploads\/2024\/03\/Coffeecups-scaled-600x674.webp 600w, https:\/\/cupin.lt\/wp-content\/uploads\/2024\/03\/Coffeecups-267x300.webp 267w, https:\/\/cupin.lt\/wp-content\/uploads\/2024\/03\/Coffeecups-768x863.webp 768w, https:\/\/cupin.lt\/wp-content\/uploads\/2024\/03\/Coffeecups-1367x1536.webp 1367w, https:\/\/cupin.lt\/wp-content\/uploads\/2024\/03\/Coffeecups-1823x2048.webp 1823w\" sizes=\"(max-width: 911px) 100vw, 911px\" \/>\t\t\t\t\t\t\t\t\t\t\t\t\t\t\t<\/div>\n\t\t\t\t<\/div>\n\t\t\t\t<\/div>\n\t\t\t\t\t<\/div>\n\t\t\t\t<\/div>\n\t\t\t\t<\/div>","protected":false},"excerpt":{"rendered":"<p>Apie mus Apie m\u016bs\u0173 \u012fmon\u0119 UAB \u201eKrautuv\u0117lis\u201c \u2013 \u012fmon\u0117, kurios pagrindin\u0117 veikla \u2013 preki\u0173 tiekimas \u012f Europ\u0105. \u012emon\u0117 i\u0161siskiria licencijomis, auk\u0161tu profesionalumo lygiu ir patyrusia komanda, kuri u\u017etikrina kokybi\u0161k\u0105 preki\u0173 pristatym\u0105. \u012emon\u0117 u\u017emezg\u0117 tvirtus ry\u0161ius su gamyklomis tiek Europoje, tiek Azijoje, tod\u0117l patraukliomis kainomis tiekia plat\u0173 asortiment\u0105 ma\u017emenininkams. Gaminame vienkartinius popierinius puodelius, kuriems naudodami \u017emogui [&hellip;]<\/p>","protected":false},"author":1,"featured_media":0,"parent":0,"menu_order":0,"comment_status":"closed","ping_status":"closed","template":"","meta":{"site-sidebar-layout":"no-sidebar","site-content-layout":"page-builder","ast-site-content-layout":"default","site-content-style":"default","site-sidebar-style":"default","ast-global-header-display":"","ast-banner-title-visibility":"","ast-main-header-display":"","ast-hfb-above-header-display":"","ast-hfb-below-header-display":"","ast-hfb-mobile-header-display":"","site-post-title":"disabled","ast-breadcrumbs-content":"","ast-featured-img":"disabled","footer-sml-layout":"","ast-disable-related-posts":"","theme-transparent-header-meta":"enabled","adv-header-id-meta":"","stick-header-meta":"","header-above-stick-meta":"","header-main-stick-meta":"","header-below-stick-meta":"","astra-migrate-meta-layouts":"default","ast-page-background-enabled":"default","ast-page-background-meta":{"desktop":{"background-color":"var(--ast-global-color-4)","background-image":"","background-repeat":"repeat","background-position":"center center","background-size":"auto","background-attachment":"scroll","background-type":"","background-media":"","overlay-type":"","overlay-color":"","overlay-opacity":"","overlay-gradient":""},"tablet":{"background-color":"","background-image":"","background-repeat":"repeat","background-position":"center center","background-size":"auto","background-attachment":"scroll","background-type":"","background-media":"","overlay-type":"","overlay-color":"","overlay-opacity":"","overlay-gradient":""},"mobile":{"background-color":"","background-image":"","background-repeat":"repeat","background-position":"center center","background-size":"auto","background-attachment":"scroll","background-type":"","background-media":"","overlay-type":"","overlay-color":"","overlay-opacity":"","overlay-gradient":""}},"ast-content-background-meta":{"desktop":{"background-color":"var(--ast-global-color-5)","background-image":"","background-repeat":"repeat","background-position":"center center","background-size":"auto","background-attachment":"scroll","background-type":"","background-media":"","overlay-type":"","overlay-color":"","overlay-opacity":"","overlay-gradient":""},"tablet":{"background-color":"var(--ast-global-color-5)","background-image":"","background-repeat":"repeat","background-position":"center center","background-size":"auto","background-attachment":"scroll","background-type":"","background-media":"","overlay-type":"","overlay-color":"","overlay-opacity":"","overlay-gradient":""},"mobile":{"background-color":"var(--ast-global-color-5)","background-image":"","background-repeat":"repeat","background-position":"center center","background-size":"auto","background-attachment":"scroll","background-type":"","background-media":"","overlay-type":"","overlay-color":"","overlay-opacity":"","overlay-gradient":""}},"footnotes":""},"class_list":["post-96","page","type-page","status-publish","hentry"],"yoast_head":"<!-- This site is optimized with the Yoast SEO plugin v23.5 - https:\/\/yoast.com\/wordpress\/plugins\/seo\/ -->\n<title>Apie mus - Cupin.lt<\/title>\n<meta name=\"description\" content=\"Mes si\u016blome kokybi\u0161kus popierinius puodelius kar\u0161tiems ir \u0161altiems g\u0117rimams kavin\u0117ms, restoranams, degalin\u0117ms. Si\u016blome ir ypating\u0105 prek\u0119 \u2013 puodelius su juod\u0105ja, \u017eali\u0105ja arbata, \u017eolel\u0117mis, vaisiais ir prieskoniais.\" \/>\n<meta name=\"robots\" content=\"index, follow, max-snippet:-1, max-image-preview:large, max-video-preview:-1\" \/>\n<link rel=\"canonical\" href=\"https:\/\/cupin.lt\/en\/apie-mus\/\" \/>\n<meta property=\"og:locale\" content=\"en_US\" \/>\n<meta property=\"og:type\" content=\"article\" \/>\n<meta property=\"og:title\" content=\"Apie mus - Cupin.lt\" \/>\n<meta property=\"og:description\" content=\"Mes si\u016blome kokybi\u0161kus popierinius puodelius kar\u0161tiems ir \u0161altiems g\u0117rimams kavin\u0117ms, restoranams, degalin\u0117ms. Si\u016blome ir ypating\u0105 prek\u0119 \u2013 puodelius su juod\u0105ja, \u017eali\u0105ja arbata, \u017eolel\u0117mis, vaisiais ir prieskoniais.\" \/>\n<meta property=\"og:url\" content=\"https:\/\/cupin.lt\/en\/apie-mus\/\" \/>\n<meta property=\"og:site_name\" content=\"Cupin.lt\" \/>\n<meta property=\"article:modified_time\" content=\"2024-09-06T18:22:20+00:00\" \/>\n<meta property=\"og:image\" content=\"https:\/\/cupin.lt\/wp-content\/uploads\/2024\/03\/Coffeecups-911x1024.webp\" \/>\n<meta name=\"twitter:card\" content=\"summary_large_image\" \/>\n<meta name=\"twitter:label1\" content=\"Est. reading time\" \/>\n\t<meta name=\"twitter:data1\" content=\"2 minutes\" \/>\n<script type=\"application\/ld+json\" class=\"yoast-schema-graph\">{\"@context\":\"https:\/\/schema.org\",\"@graph\":[{\"@type\":\"WebPage\",\"@id\":\"https:\/\/cupin.lt\/apie-mus\/\",\"url\":\"https:\/\/cupin.lt\/apie-mus\/\",\"name\":\"Apie mus - Cupin.lt\",\"isPartOf\":{\"@id\":\"https:\/\/cupin.lt\/#website\"},\"primaryImageOfPage\":{\"@id\":\"https:\/\/cupin.lt\/apie-mus\/#primaryimage\"},\"image\":{\"@id\":\"https:\/\/cupin.lt\/apie-mus\/#primaryimage\"},\"thumbnailUrl\":\"https:\/\/cupin.lt\/wp-content\/uploads\/2024\/03\/Coffeecups-911x1024.webp\",\"datePublished\":\"2018-06-18T06:57:57+00:00\",\"dateModified\":\"2024-09-06T18:22:20+00:00\",\"description\":\"Mes si\u016blome kokybi\u0161kus popierinius puodelius kar\u0161tiems ir \u0161altiems g\u0117rimams kavin\u0117ms, restoranams, degalin\u0117ms. Si\u016blome ir ypating\u0105 prek\u0119 \u2013 puodelius su juod\u0105ja, \u017eali\u0105ja arbata, \u017eolel\u0117mis, vaisiais ir prieskoniais.\",\"breadcrumb\":{\"@id\":\"https:\/\/cupin.lt\/apie-mus\/#breadcrumb\"},\"inLanguage\":\"en-US\",\"potentialAction\":[{\"@type\":\"ReadAction\",\"target\":[\"https:\/\/cupin.lt\/apie-mus\/\"]}]},{\"@type\":\"ImageObject\",\"inLanguage\":\"en-US\",\"@id\":\"https:\/\/cupin.lt\/apie-mus\/#primaryimage\",\"url\":\"https:\/\/cupin.lt\/wp-content\/uploads\/2024\/03\/Coffeecups-911x1024.webp\",\"contentUrl\":\"https:\/\/cupin.lt\/wp-content\/uploads\/2024\/03\/Coffeecups-911x1024.webp\"},{\"@type\":\"BreadcrumbList\",\"@id\":\"https:\/\/cupin.lt\/apie-mus\/#breadcrumb\",\"itemListElement\":[{\"@type\":\"ListItem\",\"position\":1,\"name\":\"Home\",\"item\":\"https:\/\/cupin.lt\/\"},{\"@type\":\"ListItem\",\"position\":2,\"name\":\"Apie mus\"}]},{\"@type\":\"WebSite\",\"@id\":\"https:\/\/cupin.lt\/#website\",\"url\":\"https:\/\/cupin.lt\/\",\"name\":\"Cupin.lt\",\"description\":\"Kokybi\u0161ki popieriniai puodeliai ir mineralinis vanduo\",\"publisher\":{\"@id\":\"https:\/\/cupin.lt\/#organization\"},\"potentialAction\":[{\"@type\":\"SearchAction\",\"target\":{\"@type\":\"EntryPoint\",\"urlTemplate\":\"https:\/\/cupin.lt\/?s={search_term_string}\"},\"query-input\":{\"@type\":\"PropertyValueSpecification\",\"valueRequired\":true,\"valueName\":\"search_term_string\"}}],\"inLanguage\":\"en-US\"},{\"@type\":\"Organization\",\"@id\":\"https:\/\/cupin.lt\/#organization\",\"name\":\"Krautuv\u0117lis, UAB\",\"url\":\"https:\/\/cupin.lt\/\",\"logo\":{\"@type\":\"ImageObject\",\"inLanguage\":\"en-US\",\"@id\":\"https:\/\/cupin.lt\/#\/schema\/logo\/image\/\",\"url\":\"https:\/\/cupin.lt\/wp-content\/uploads\/2024\/04\/CUPIN_L-e1712423848919.png\",\"contentUrl\":\"https:\/\/cupin.lt\/wp-content\/uploads\/2024\/04\/CUPIN_L-e1712423848919.png\",\"width\":300,\"height\":97,\"caption\":\"Krautuv\u0117lis, UAB\"},\"image\":{\"@id\":\"https:\/\/cupin.lt\/#\/schema\/logo\/image\/\"}}]}<\/script>\n<!-- \/ Yoast SEO plugin. -->","yoast_head_json":{"title":"Apie mus - Cupin.lt","description":"Mes si\u016blome kokybi\u0161kus popierinius puodelius kar\u0161tiems ir \u0161altiems g\u0117rimams kavin\u0117ms, restoranams, degalin\u0117ms. Si\u016blome ir ypating\u0105 prek\u0119 \u2013 puodelius su juod\u0105ja, \u017eali\u0105ja arbata, \u017eolel\u0117mis, vaisiais ir prieskoniais.","robots":{"index":"index","follow":"follow","max-snippet":"max-snippet:-1","max-image-preview":"max-image-preview:large","max-video-preview":"max-video-preview:-1"},"canonical":"https:\/\/cupin.lt\/en\/apie-mus\/","og_locale":"en_US","og_type":"article","og_title":"Apie mus - Cupin.lt","og_description":"Mes si\u016blome kokybi\u0161kus popierinius puodelius kar\u0161tiems ir \u0161altiems g\u0117rimams kavin\u0117ms, restoranams, degalin\u0117ms. Si\u016blome ir ypating\u0105 prek\u0119 \u2013 puodelius su juod\u0105ja, \u017eali\u0105ja arbata, \u017eolel\u0117mis, vaisiais ir prieskoniais.","og_url":"https:\/\/cupin.lt\/en\/apie-mus\/","og_site_name":"Cupin.lt","article_modified_time":"2024-09-06T18:22:20+00:00","og_image":[{"url":"https:\/\/cupin.lt\/wp-content\/uploads\/2024\/03\/Coffeecups-911x1024.webp"}],"twitter_card":"summary_large_image","twitter_misc":{"Est. reading time":"2 minutes"},"schema":{"@context":"https:\/\/schema.org","@graph":[{"@type":"WebPage","@id":"https:\/\/cupin.lt\/apie-mus\/","url":"https:\/\/cupin.lt\/apie-mus\/","name":"Apie mus - Cupin.lt","isPartOf":{"@id":"https:\/\/cupin.lt\/#website"},"primaryImageOfPage":{"@id":"https:\/\/cupin.lt\/apie-mus\/#primaryimage"},"image":{"@id":"https:\/\/cupin.lt\/apie-mus\/#primaryimage"},"thumbnailUrl":"https:\/\/cupin.lt\/wp-content\/uploads\/2024\/03\/Coffeecups-911x1024.webp","datePublished":"2018-06-18T06:57:57+00:00","dateModified":"2024-09-06T18:22:20+00:00","description":"Mes si\u016blome kokybi\u0161kus popierinius puodelius kar\u0161tiems ir \u0161altiems g\u0117rimams kavin\u0117ms, restoranams, degalin\u0117ms. Si\u016blome ir ypating\u0105 prek\u0119 \u2013 puodelius su juod\u0105ja, \u017eali\u0105ja arbata, \u017eolel\u0117mis, vaisiais ir prieskoniais.","breadcrumb":{"@id":"https:\/\/cupin.lt\/apie-mus\/#breadcrumb"},"inLanguage":"en-US","potentialAction":[{"@type":"ReadAction","target":["https:\/\/cupin.lt\/apie-mus\/"]}]},{"@type":"ImageObject","inLanguage":"en-US","@id":"https:\/\/cupin.lt\/apie-mus\/#primaryimage","url":"https:\/\/cupin.lt\/wp-content\/uploads\/2024\/03\/Coffeecups-911x1024.webp","contentUrl":"https:\/\/cupin.lt\/wp-content\/uploads\/2024\/03\/Coffeecups-911x1024.webp"},{"@type":"BreadcrumbList","@id":"https:\/\/cupin.lt\/apie-mus\/#breadcrumb","itemListElement":[{"@type":"ListItem","position":1,"name":"Home","item":"https:\/\/cupin.lt\/"},{"@type":"ListItem","position":2,"name":"Apie mus"}]},{"@type":"WebSite","@id":"https:\/\/cupin.lt\/#website","url":"https:\/\/cupin.lt\/","name":"Cupin.lt","description":"Kokybi\u0161ki popieriniai puodeliai ir mineralinis vanduo","publisher":{"@id":"https:\/\/cupin.lt\/#organization"},"potentialAction":[{"@type":"SearchAction","target":{"@type":"EntryPoint","urlTemplate":"https:\/\/cupin.lt\/?s={search_term_string}"},"query-input":{"@type":"PropertyValueSpecification","valueRequired":true,"valueName":"search_term_string"}}],"inLanguage":"en-US"},{"@type":"Organization","@id":"https:\/\/cupin.lt\/#organization","name":"Krautuv\u0117lis, UAB","url":"https:\/\/cupin.lt\/","logo":{"@type":"ImageObject","inLanguage":"en-US","@id":"https:\/\/cupin.lt\/#\/schema\/logo\/image\/","url":"https:\/\/cupin.lt\/wp-content\/uploads\/2024\/04\/CUPIN_L-e1712423848919.png","contentUrl":"https:\/\/cupin.lt\/wp-content\/uploads\/2024\/04\/CUPIN_L-e1712423848919.png","width":300,"height":97,"caption":"Krautuv\u0117lis, UAB"},"image":{"@id":"https:\/\/cupin.lt\/#\/schema\/logo\/image\/"}}]}},"_links":{"self":[{"href":"https:\/\/cupin.lt\/en\/wp-json\/wp\/v2\/pages\/96","targetHints":{"allow":["GET"]}}],"collection":[{"href":"https:\/\/cupin.lt\/en\/wp-json\/wp\/v2\/pages"}],"about":[{"href":"https:\/\/cupin.lt\/en\/wp-json\/wp\/v2\/types\/page"}],"author":[{"embeddable":true,"href":"https:\/\/cupin.lt\/en\/wp-json\/wp\/v2\/users\/1"}],"replies":[{"embeddable":true,"href":"https:\/\/cupin.lt\/en\/wp-json\/wp\/v2\/comments?post=96"}],"version-history":[{"count":0,"href":"https:\/\/cupin.lt\/en\/wp-json\/wp\/v2\/pages\/96\/revisions"}],"wp:attachment":[{"href":"https:\/\/cupin.lt\/en\/wp-json\/wp\/v2\/media?parent=96"}],"curies":[{"name":"wp","href":"https:\/\/api.w.org\/{rel}","templated":true}]}}