{"id":95,"date":"2018-06-18T06:57:36","date_gmt":"2018-06-18T06:57:36","guid":{"rendered":"https:\/\/cupin.lt\/home\/"},"modified":"2024-10-03T11:46:35","modified_gmt":"2024-10-03T11:46:35","slug":"home","status":"publish","type":"page","link":"https:\/\/cupin.lt\/en\/","title":{"rendered":"Pagrindinis"},"content":{"rendered":"<div data-elementor-type=\"wp-page\" data-elementor-id=\"95\" class=\"elementor elementor-95\">\n\t\t\t\t<div class=\"elementor-element elementor-element-3cc0e953 e-flex e-con-boxed e-con e-parent\" data-id=\"3cc0e953\" data-element_type=\"container\" data-e-type=\"container\" data-settings=\"{&quot;background_background&quot;:&quot;gradient&quot;}\">\n\t\t\t\t\t<div class=\"e-con-inner\">\n\t\t<div class=\"elementor-element elementor-element-d0dce9b e-con-full e-flex e-con e-child\" data-id=\"d0dce9b\" data-element_type=\"container\" data-e-type=\"container\">\n\t\t\t\t<\/div>\n\t\t<div class=\"elementor-element elementor-element-5d9d69f e-con-full e-flex e-con e-child\" data-id=\"5d9d69f\" data-element_type=\"container\" data-e-type=\"container\">\n\t\t\t\t<div class=\"elementor-element elementor-element-b1b2458 elementor-widget elementor-widget-image\" data-id=\"b1b2458\" data-element_type=\"widget\" data-e-type=\"widget\" data-widget_type=\"image.default\">\n\t\t\t\t<div class=\"elementor-widget-container\">\n\t\t\t\t\t\t\t\t\t\t\t\t\t\t\t<img fetchpriority=\"high\" decoding=\"async\" width=\"1497\" height=\"567\" src=\"https:\/\/cupin.lt\/wp-content\/uploads\/2024\/10\/Home_puodeliai_vanduo-1.png\" class=\"attachment-full size-full wp-image-7052\" alt=\"\" srcset=\"https:\/\/cupin.lt\/wp-content\/uploads\/2024\/10\/Home_puodeliai_vanduo-1.png 1497w, https:\/\/cupin.lt\/wp-content\/uploads\/2024\/10\/Home_puodeliai_vanduo-1-300x114.png 300w, https:\/\/cupin.lt\/wp-content\/uploads\/2024\/10\/Home_puodeliai_vanduo-1-1024x388.png 1024w, https:\/\/cupin.lt\/wp-content\/uploads\/2024\/10\/Home_puodeliai_vanduo-1-768x291.png 768w, https:\/\/cupin.lt\/wp-content\/uploads\/2024\/10\/Home_puodeliai_vanduo-1-18x7.png 18w, https:\/\/cupin.lt\/wp-content\/uploads\/2024\/10\/Home_puodeliai_vanduo-1-600x227.png 600w\" sizes=\"(max-width: 1497px) 100vw, 1497px\" \/>\t\t\t\t\t\t\t\t\t\t\t\t\t\t\t<\/div>\n\t\t\t\t<\/div>\n\t\t\t\t<\/div>\n\t\t\t\t\t<\/div>\n\t\t\t\t<\/div>\n\t\t<div class=\"elementor-element elementor-element-24a4362b e-flex e-con-boxed e-con e-parent\" data-id=\"24a4362b\" data-element_type=\"container\" data-e-type=\"container\" data-settings=\"{&quot;background_background&quot;:&quot;classic&quot;}\">\n\t\t\t\t\t<div class=\"e-con-inner\">\n\t\t<div class=\"elementor-element elementor-element-acb819e e-flex e-con-boxed e-con e-child\" data-id=\"acb819e\" data-element_type=\"container\" data-e-type=\"container\">\n\t\t\t\t\t<div class=\"e-con-inner\">\n\t\t\t\t<div class=\"elementor-element elementor-element-6c32c04 elementor-widget elementor-widget-image-carousel\" data-id=\"6c32c04\" data-element_type=\"widget\" data-e-type=\"widget\" data-settings=\"{&quot;slides_to_show&quot;:&quot;1&quot;,&quot;navigation&quot;:&quot;none&quot;,&quot;autoplay&quot;:&quot;yes&quot;,&quot;pause_on_hover&quot;:&quot;yes&quot;,&quot;pause_on_interaction&quot;:&quot;yes&quot;,&quot;autoplay_speed&quot;:5000,&quot;infinite&quot;:&quot;yes&quot;,&quot;effect&quot;:&quot;slide&quot;,&quot;speed&quot;:500}\" data-widget_type=\"image-carousel.default\">\n\t\t\t\t<div class=\"elementor-widget-container\">\n\t\t\t\t\t\t\t<div class=\"elementor-image-carousel-wrapper swiper\" role=\"region\" aria-roledescription=\"carousel\" aria-label=\"Image Carousel\" dir=\"ltr\" data-no-translation-aria-label=\"\">\n\t\t\t<div class=\"elementor-image-carousel swiper-wrapper\" aria-live=\"off\">\n\t\t\t\t\t\t\t\t<div class=\"swiper-slide\" role=\"group\" aria-roledescription=\"slide\" aria-label=\"1 of 2\" data-no-translation-aria-label=\"\"><figure class=\"swiper-slide-inner\"><img decoding=\"async\" class=\"swiper-slide-image\" src=\"https:\/\/cupin.lt\/wp-content\/uploads\/2024\/04\/Klientas_2-2.png\" alt=\"Klientas_2\" \/><\/figure><\/div><div class=\"swiper-slide\" role=\"group\" aria-roledescription=\"slide\" aria-label=\"2 of 2\" data-no-translation-aria-label=\"\"><figure class=\"swiper-slide-inner\"><img decoding=\"async\" class=\"swiper-slide-image\" src=\"https:\/\/cupin.lt\/wp-content\/uploads\/2024\/04\/Klientai_1-768x129.png\" alt=\"Klientai_1\" \/><\/figure><\/div>\t\t\t<\/div>\n\t\t\t\t\t\t\t\n\t\t\t\t\t\t\t\t\t<\/div>\n\t\t\t\t\t\t<\/div>\n\t\t\t\t<\/div>\n\t\t\t\t\t<\/div>\n\t\t\t\t<\/div>\n\t\t\t\t\t<\/div>\n\t\t\t\t<\/div>\n\t\t<div class=\"elementor-element elementor-element-e01e386 e-flex e-con-boxed e-con e-parent\" data-id=\"e01e386\" data-element_type=\"container\" data-e-type=\"container\">\n\t\t\t\t\t<div class=\"e-con-inner\">\n\t\t\t\t<div class=\"elementor-element elementor-element-7b598ba elementor-widget elementor-widget-spacer\" data-id=\"7b598ba\" data-element_type=\"widget\" data-e-type=\"widget\" data-widget_type=\"spacer.default\">\n\t\t\t\t<div class=\"elementor-widget-container\">\n\t\t\t\t\t\t\t<div class=\"elementor-spacer\">\n\t\t\t<div class=\"elementor-spacer-inner\"><\/div>\n\t\t<\/div>\n\t\t\t\t\t\t<\/div>\n\t\t\t\t<\/div>\n\t\t\t\t\t<\/div>\n\t\t\t\t<\/div>\n\t\t<div class=\"elementor-element elementor-element-cb863c5 e-flex e-con-boxed e-con e-parent\" data-id=\"cb863c5\" data-element_type=\"container\" data-e-type=\"container\">\n\t\t\t\t\t<div class=\"e-con-inner\">\n\t\t<div class=\"elementor-element elementor-element-ea2b0f2 e-con-full e-flex e-con e-child\" data-id=\"ea2b0f2\" data-element_type=\"container\" data-e-type=\"container\">\n\t\t\t\t<div class=\"elementor-element elementor-element-bb43736 elementor-widget elementor-widget-image\" data-id=\"bb43736\" data-element_type=\"widget\" data-e-type=\"widget\" data-widget_type=\"image.default\">\n\t\t\t\t<div class=\"elementor-widget-container\">\n\t\t\t\t\t\t\t\t\t\t\t\t\t\t\t<img decoding=\"async\" width=\"1024\" height=\"849\" src=\"https:\/\/cupin.lt\/wp-content\/uploads\/2024\/03\/Kava-1024x849.webp\" class=\"attachment-large size-large wp-image-5542\" alt=\"\" srcset=\"https:\/\/cupin.lt\/wp-content\/uploads\/2024\/03\/Kava-1024x849.webp 1024w, https:\/\/cupin.lt\/wp-content\/uploads\/2024\/03\/Kava-600x498.webp 600w, https:\/\/cupin.lt\/wp-content\/uploads\/2024\/03\/Kava-300x249.webp 300w, https:\/\/cupin.lt\/wp-content\/uploads\/2024\/03\/Kava-768x637.webp 768w, https:\/\/cupin.lt\/wp-content\/uploads\/2024\/03\/Kava-1536x1274.webp 1536w, https:\/\/cupin.lt\/wp-content\/uploads\/2024\/03\/Kava.webp 1772w\" sizes=\"(max-width: 1024px) 100vw, 1024px\" \/>\t\t\t\t\t\t\t\t\t\t\t\t\t\t\t<\/div>\n\t\t\t\t<\/div>\n\t\t\t\t<\/div>\n\t\t<div class=\"elementor-element elementor-element-dd169be e-flex e-con-boxed e-con e-child\" data-id=\"dd169be\" data-element_type=\"container\" data-e-type=\"container\">\n\t\t\t\t\t<div class=\"e-con-inner\">\n\t\t\t\t<div class=\"elementor-element elementor-element-5fdaea4 elementor-widget elementor-widget-heading\" data-id=\"5fdaea4\" data-element_type=\"widget\" data-e-type=\"widget\" data-widget_type=\"heading.default\">\n\t\t\t\t<div class=\"elementor-widget-container\">\n\t\t\t\t\t<h4 class=\"elementor-heading-title elementor-size-default\">Paper cups for hot and cold drinks<\/h4>\t\t\t\t<\/div>\n\t\t\t\t<\/div>\n\t\t\t\t<div class=\"elementor-element elementor-element-56218cd elementor-widget elementor-widget-text-editor\" data-id=\"56218cd\" data-element_type=\"widget\" data-e-type=\"widget\" data-widget_type=\"text-editor.default\">\n\t\t\t\t<div class=\"elementor-widget-container\">\n\t\t\t\t\t\t\t\t\t<p>High quality cardboard cups with personalised printing for cafes, businesses, shopping and entertainment centres will be the perfect promotion. We can customise cardboard designs for both wholesale customers and small orders. We work with a variety of cardboard substrates and can help customers create a personalised design or logo if required.<\/p>\t\t\t\t\t\t\t\t<\/div>\n\t\t\t\t<\/div>\n\t\t\t\t\t<\/div>\n\t\t\t\t<\/div>\n\t\t\t\t\t<\/div>\n\t\t\t\t<\/div>\n\t\t<div class=\"elementor-element elementor-element-133e8fa e-flex e-con-boxed e-con e-parent\" data-id=\"133e8fa\" data-element_type=\"container\" data-e-type=\"container\">\n\t\t\t\t\t<div class=\"e-con-inner\">\n\t\t<div class=\"elementor-element elementor-element-7cf446b e-con-full e-flex e-con e-child\" data-id=\"7cf446b\" data-element_type=\"container\" data-e-type=\"container\">\n\t\t\t\t<div class=\"elementor-element elementor-element-fe325d2 elementor-widget elementor-widget-image\" data-id=\"fe325d2\" data-element_type=\"widget\" data-e-type=\"widget\" data-widget_type=\"image.default\">\n\t\t\t\t<div class=\"elementor-widget-container\">\n\t\t\t\t\t\t\t\t\t\t\t\t\t\t\t<img decoding=\"async\" width=\"1024\" height=\"845\" src=\"https:\/\/cupin.lt\/wp-content\/uploads\/2024\/03\/arbatos2-1024x845.webp\" class=\"attachment-large size-large wp-image-5541\" alt=\"\" srcset=\"https:\/\/cupin.lt\/wp-content\/uploads\/2024\/03\/arbatos2-1024x845.webp 1024w, https:\/\/cupin.lt\/wp-content\/uploads\/2024\/03\/arbatos2-600x495.webp 600w, https:\/\/cupin.lt\/wp-content\/uploads\/2024\/03\/arbatos2-300x248.webp 300w, https:\/\/cupin.lt\/wp-content\/uploads\/2024\/03\/arbatos2-768x634.webp 768w, https:\/\/cupin.lt\/wp-content\/uploads\/2024\/03\/arbatos2-1536x1268.webp 1536w, https:\/\/cupin.lt\/wp-content\/uploads\/2024\/03\/arbatos2.webp 1786w\" sizes=\"(max-width: 1024px) 100vw, 1024px\" \/>\t\t\t\t\t\t\t\t\t\t\t\t\t\t\t<\/div>\n\t\t\t\t<\/div>\n\t\t\t\t<\/div>\n\t\t<div class=\"elementor-element elementor-element-020c509 e-flex e-con-boxed e-con e-child\" data-id=\"020c509\" data-element_type=\"container\" data-e-type=\"container\">\n\t\t\t\t\t<div class=\"e-con-inner\">\n\t\t\t\t<div class=\"elementor-element elementor-element-886db31 elementor-widget elementor-widget-heading\" data-id=\"886db31\" data-element_type=\"widget\" data-e-type=\"widget\" data-widget_type=\"heading.default\">\n\t\t\t\t<div class=\"elementor-widget-container\">\n\t\t\t\t\t<h4 class=\"elementor-heading-title elementor-size-default\">Wonderful tea in paper cups<\/h4>\t\t\t\t<\/div>\n\t\t\t\t<\/div>\n\t\t\t\t<div class=\"elementor-element elementor-element-827f1c1 elementor-widget elementor-widget-text-editor\" data-id=\"827f1c1\" data-element_type=\"widget\" data-e-type=\"widget\" data-widget_type=\"text-editor.default\">\n\t\t\t\t<div class=\"elementor-widget-container\">\n\t\t\t\t\t\t\t\t\t<p>Unique paper cups with tea or coffee, combining a tea bag and a paper cup. The cups contain black, green and herbal teas with herbs, dried fruits and spices.<\/p>\t\t\t\t\t\t\t\t<\/div>\n\t\t\t\t<\/div>\n\t\t\t\t\t<\/div>\n\t\t\t\t<\/div>\n\t\t\t\t\t<\/div>\n\t\t\t\t<\/div>\n\t\t<div class=\"elementor-element elementor-element-69bcf44 e-flex e-con-boxed e-con e-parent\" data-id=\"69bcf44\" data-element_type=\"container\" data-e-type=\"container\">\n\t\t\t\t\t<div class=\"e-con-inner\">\n\t\t\t\t<div class=\"elementor-element elementor-element-e4edf10 elementor-widget elementor-widget-spacer\" data-id=\"e4edf10\" data-element_type=\"widget\" data-e-type=\"widget\" data-widget_type=\"spacer.default\">\n\t\t\t\t<div class=\"elementor-widget-container\">\n\t\t\t\t\t\t\t<div class=\"elementor-spacer\">\n\t\t\t<div class=\"elementor-spacer-inner\"><\/div>\n\t\t<\/div>\n\t\t\t\t\t\t<\/div>\n\t\t\t\t<\/div>\n\t\t\t\t\t<\/div>\n\t\t\t\t<\/div>\n\t\t\t\t<\/div>","protected":false},"excerpt":{"rendered":"<p>Popieriniai puodeliai kar\u0161tiems ir \u0161altiems g\u0117rimams Kokybi\u0161ki vienkartiniai kartoniniai puodeliai su individualia spauda kavin\u0117ms, \u012fmon\u0117ms, prekybos ir pramog\u0173 centrams bus puiki reklama. Pritaikome pie\u0161inius ant kartono\u00a0 tiek\u00a0 didmeniniams klientams, tiek\u00a0 smulkiems u\u017esakymams. Dirbame su \u012fvairaus pagrindo kartonu ir esant poreikiui galime pad\u0117ti klientui sukurti asmenin\u012f pie\u0161in\u012f ar logotip\u0105. Nuostabi arbata popieriniuose puodeliuose Unikal\u016bs popieriniai puodeliai [&hellip;]<\/p>","protected":false},"author":1,"featured_media":0,"parent":0,"menu_order":0,"comment_status":"closed","ping_status":"closed","template":"","meta":{"site-sidebar-layout":"no-sidebar","site-content-layout":"page-builder","ast-site-content-layout":"full-width-container","site-content-style":"unboxed","site-sidebar-style":"unboxed","ast-global-header-display":"","ast-banner-title-visibility":"","ast-main-header-display":"","ast-hfb-above-header-display":"","ast-hfb-below-header-display":"","ast-hfb-mobile-header-display":"","site-post-title":"disabled","ast-breadcrumbs-content":"","ast-featured-img":"disabled","footer-sml-layout":"","ast-disable-related-posts":"","theme-transparent-header-meta":"default","adv-header-id-meta":"","stick-header-meta":"","header-above-stick-meta":"","header-main-stick-meta":"","header-below-stick-meta":"","astra-migrate-meta-layouts":"set","ast-page-background-enabled":"default","ast-page-background-meta":{"desktop":{"background-color":"var(--ast-global-color-4)","background-image":"","background-repeat":"repeat","background-position":"center center","background-size":"auto","background-attachment":"scroll","background-type":"","background-media":"","overlay-type":"","overlay-color":"","overlay-opacity":"","overlay-gradient":""},"tablet":{"background-color":"","background-image":"","background-repeat":"repeat","background-position":"center center","background-size":"auto","background-attachment":"scroll","background-type":"","background-media":"","overlay-type":"","overlay-color":"","overlay-opacity":"","overlay-gradient":""},"mobile":{"background-color":"","background-image":"","background-repeat":"repeat","background-position":"center center","background-size":"auto","background-attachment":"scroll","background-type":"","background-media":"","overlay-type":"","overlay-color":"","overlay-opacity":"","overlay-gradient":""}},"ast-content-background-meta":{"desktop":{"background-color":"var(--ast-global-color-5)","background-image":"","background-repeat":"repeat","background-position":"center center","background-size":"auto","background-attachment":"scroll","background-type":"","background-media":"","overlay-type":"","overlay-color":"","overlay-opacity":"","overlay-gradient":""},"tablet":{"background-color":"var(--ast-global-color-5)","background-image":"","background-repeat":"repeat","background-position":"center center","background-size":"auto","background-attachment":"scroll","background-type":"","background-media":"","overlay-type":"","overlay-color":"","overlay-opacity":"","overlay-gradient":""},"mobile":{"background-color":"var(--ast-global-color-5)","background-image":"","background-repeat":"repeat","background-position":"center center","background-size":"auto","background-attachment":"scroll","background-type":"","background-media":"","overlay-type":"","overlay-color":"","overlay-opacity":"","overlay-gradient":""}},"footnotes":""},"class_list":["post-95","page","type-page","status-publish","hentry"],"yoast_head":"<!-- This site is optimized with the Yoast SEO plugin v23.5 - https:\/\/yoast.com\/wordpress\/plugins\/seo\/ -->\n<title>Cupin.lt - Kokybi\u0161ki puodeliai, mineralinis vanduo<\/title>\n<meta name=\"description\" content=\"Mes si\u016blome kokybi\u0161kus popierinius puodelius kar\u0161tiems ir \u0161altiems g\u0117rimams kavin\u0117ms, restoranams, degalin\u0117ms. Si\u016blome ir ypating\u0105 prek\u0119 \u2013 puodelius su juod\u0105ja, \u017eali\u0105ja arbata, \u017eolel\u0117mis, vaisiais ir prieskoniais.\" \/>\n<meta name=\"robots\" content=\"index, follow, max-snippet:-1, max-image-preview:large, max-video-preview:-1\" \/>\n<link rel=\"canonical\" href=\"https:\/\/cupin.lt\/en\/\" \/>\n<meta property=\"og:locale\" content=\"en_US\" \/>\n<meta property=\"og:type\" content=\"article\" \/>\n<meta property=\"og:title\" content=\"Cupin.lt - Kokybi\u0161ki puodeliai, mineralinis vanduo\" \/>\n<meta property=\"og:description\" content=\"Mes si\u016blome kokybi\u0161kus popierinius puodelius kar\u0161tiems ir \u0161altiems g\u0117rimams kavin\u0117ms, restoranams, degalin\u0117ms. Si\u016blome ir ypating\u0105 prek\u0119 \u2013 puodelius su juod\u0105ja, \u017eali\u0105ja arbata, \u017eolel\u0117mis, vaisiais ir prieskoniais.\" \/>\n<meta property=\"og:url\" content=\"https:\/\/cupin.lt\/en\/\" \/>\n<meta property=\"og:site_name\" content=\"Cupin.lt\" \/>\n<meta property=\"article:modified_time\" content=\"2024-10-03T11:46:35+00:00\" \/>\n<meta property=\"og:image\" content=\"https:\/\/cupin.lt\/wp-content\/uploads\/2024\/10\/Home_puodeliai_vanduo-1.png\" \/>\n<meta name=\"twitter:card\" content=\"summary_large_image\" \/>\n<meta name=\"twitter:label1\" content=\"Est. reading time\" \/>\n\t<meta name=\"twitter:data1\" content=\"2 minutes\" \/>\n<script type=\"application\/ld+json\" class=\"yoast-schema-graph\">{\"@context\":\"https:\/\/schema.org\",\"@graph\":[{\"@type\":\"WebPage\",\"@id\":\"https:\/\/cupin.lt\/\",\"url\":\"https:\/\/cupin.lt\/\",\"name\":\"Cupin.lt - Kokybi\u0161ki puodeliai, mineralinis vanduo\",\"isPartOf\":{\"@id\":\"https:\/\/cupin.lt\/#website\"},\"primaryImageOfPage\":{\"@id\":\"https:\/\/cupin.lt\/#primaryimage\"},\"image\":{\"@id\":\"https:\/\/cupin.lt\/#primaryimage\"},\"thumbnailUrl\":\"https:\/\/cupin.lt\/wp-content\/uploads\/2024\/10\/Home_puodeliai_vanduo-1.png\",\"datePublished\":\"2018-06-18T06:57:36+00:00\",\"dateModified\":\"2024-10-03T11:46:35+00:00\",\"description\":\"Mes si\u016blome kokybi\u0161kus popierinius puodelius kar\u0161tiems ir \u0161altiems g\u0117rimams kavin\u0117ms, restoranams, degalin\u0117ms. Si\u016blome ir ypating\u0105 prek\u0119 \u2013 puodelius su juod\u0105ja, \u017eali\u0105ja arbata, \u017eolel\u0117mis, vaisiais ir prieskoniais.\",\"breadcrumb\":{\"@id\":\"https:\/\/cupin.lt\/#breadcrumb\"},\"inLanguage\":\"en-US\",\"potentialAction\":[{\"@type\":\"ReadAction\",\"target\":[\"https:\/\/cupin.lt\/\"]}]},{\"@type\":\"ImageObject\",\"inLanguage\":\"en-US\",\"@id\":\"https:\/\/cupin.lt\/#primaryimage\",\"url\":\"https:\/\/cupin.lt\/wp-content\/uploads\/2024\/10\/Home_puodeliai_vanduo-1.png\",\"contentUrl\":\"https:\/\/cupin.lt\/wp-content\/uploads\/2024\/10\/Home_puodeliai_vanduo-1.png\"},{\"@type\":\"BreadcrumbList\",\"@id\":\"https:\/\/cupin.lt\/#breadcrumb\",\"itemListElement\":[{\"@type\":\"ListItem\",\"position\":1,\"name\":\"Home\",\"item\":\"https:\/\/cupin.lt\/\"},{\"@type\":\"ListItem\",\"position\":2,\"name\":\"Pagrindinis\"}]},{\"@type\":\"WebSite\",\"@id\":\"https:\/\/cupin.lt\/#website\",\"url\":\"https:\/\/cupin.lt\/\",\"name\":\"Cupin.lt\",\"description\":\"Kokybi\u0161ki popieriniai puodeliai ir mineralinis vanduo\",\"publisher\":{\"@id\":\"https:\/\/cupin.lt\/#organization\"},\"potentialAction\":[{\"@type\":\"SearchAction\",\"target\":{\"@type\":\"EntryPoint\",\"urlTemplate\":\"https:\/\/cupin.lt\/?s={search_term_string}\"},\"query-input\":{\"@type\":\"PropertyValueSpecification\",\"valueRequired\":true,\"valueName\":\"search_term_string\"}}],\"inLanguage\":\"en-US\"},{\"@type\":\"Organization\",\"@id\":\"https:\/\/cupin.lt\/#organization\",\"name\":\"Krautuv\u0117lis, UAB\",\"url\":\"https:\/\/cupin.lt\/\",\"logo\":{\"@type\":\"ImageObject\",\"inLanguage\":\"en-US\",\"@id\":\"https:\/\/cupin.lt\/#\/schema\/logo\/image\/\",\"url\":\"https:\/\/cupin.lt\/wp-content\/uploads\/2024\/04\/CUPIN_L-e1712423848919.png\",\"contentUrl\":\"https:\/\/cupin.lt\/wp-content\/uploads\/2024\/04\/CUPIN_L-e1712423848919.png\",\"width\":300,\"height\":97,\"caption\":\"Krautuv\u0117lis, UAB\"},\"image\":{\"@id\":\"https:\/\/cupin.lt\/#\/schema\/logo\/image\/\"}}]}<\/script>\n<!-- \/ Yoast SEO plugin. -->","yoast_head_json":{"title":"Cupin.lt - Kokybi\u0161ki puodeliai, mineralinis vanduo","description":"Mes si\u016blome kokybi\u0161kus popierinius puodelius kar\u0161tiems ir \u0161altiems g\u0117rimams kavin\u0117ms, restoranams, degalin\u0117ms. Si\u016blome ir ypating\u0105 prek\u0119 \u2013 puodelius su juod\u0105ja, \u017eali\u0105ja arbata, \u017eolel\u0117mis, vaisiais ir prieskoniais.","robots":{"index":"index","follow":"follow","max-snippet":"max-snippet:-1","max-image-preview":"max-image-preview:large","max-video-preview":"max-video-preview:-1"},"canonical":"https:\/\/cupin.lt\/en\/","og_locale":"en_US","og_type":"article","og_title":"Cupin.lt - Kokybi\u0161ki puodeliai, mineralinis vanduo","og_description":"Mes si\u016blome kokybi\u0161kus popierinius puodelius kar\u0161tiems ir \u0161altiems g\u0117rimams kavin\u0117ms, restoranams, degalin\u0117ms. Si\u016blome ir ypating\u0105 prek\u0119 \u2013 puodelius su juod\u0105ja, \u017eali\u0105ja arbata, \u017eolel\u0117mis, vaisiais ir prieskoniais.","og_url":"https:\/\/cupin.lt\/en\/","og_site_name":"Cupin.lt","article_modified_time":"2024-10-03T11:46:35+00:00","og_image":[{"url":"https:\/\/cupin.lt\/wp-content\/uploads\/2024\/10\/Home_puodeliai_vanduo-1.png"}],"twitter_card":"summary_large_image","twitter_misc":{"Est. reading time":"2 minutes"},"schema":{"@context":"https:\/\/schema.org","@graph":[{"@type":"WebPage","@id":"https:\/\/cupin.lt\/","url":"https:\/\/cupin.lt\/","name":"Cupin.lt - Kokybi\u0161ki puodeliai, mineralinis vanduo","isPartOf":{"@id":"https:\/\/cupin.lt\/#website"},"primaryImageOfPage":{"@id":"https:\/\/cupin.lt\/#primaryimage"},"image":{"@id":"https:\/\/cupin.lt\/#primaryimage"},"thumbnailUrl":"https:\/\/cupin.lt\/wp-content\/uploads\/2024\/10\/Home_puodeliai_vanduo-1.png","datePublished":"2018-06-18T06:57:36+00:00","dateModified":"2024-10-03T11:46:35+00:00","description":"Mes si\u016blome kokybi\u0161kus popierinius puodelius kar\u0161tiems ir \u0161altiems g\u0117rimams kavin\u0117ms, restoranams, degalin\u0117ms. Si\u016blome ir ypating\u0105 prek\u0119 \u2013 puodelius su juod\u0105ja, \u017eali\u0105ja arbata, \u017eolel\u0117mis, vaisiais ir prieskoniais.","breadcrumb":{"@id":"https:\/\/cupin.lt\/#breadcrumb"},"inLanguage":"en-US","potentialAction":[{"@type":"ReadAction","target":["https:\/\/cupin.lt\/"]}]},{"@type":"ImageObject","inLanguage":"en-US","@id":"https:\/\/cupin.lt\/#primaryimage","url":"https:\/\/cupin.lt\/wp-content\/uploads\/2024\/10\/Home_puodeliai_vanduo-1.png","contentUrl":"https:\/\/cupin.lt\/wp-content\/uploads\/2024\/10\/Home_puodeliai_vanduo-1.png"},{"@type":"BreadcrumbList","@id":"https:\/\/cupin.lt\/#breadcrumb","itemListElement":[{"@type":"ListItem","position":1,"name":"Home","item":"https:\/\/cupin.lt\/"},{"@type":"ListItem","position":2,"name":"Pagrindinis"}]},{"@type":"WebSite","@id":"https:\/\/cupin.lt\/#website","url":"https:\/\/cupin.lt\/","name":"Cupin.lt","description":"Kokybi\u0161ki popieriniai puodeliai ir mineralinis vanduo","publisher":{"@id":"https:\/\/cupin.lt\/#organization"},"potentialAction":[{"@type":"SearchAction","target":{"@type":"EntryPoint","urlTemplate":"https:\/\/cupin.lt\/?s={search_term_string}"},"query-input":{"@type":"PropertyValueSpecification","valueRequired":true,"valueName":"search_term_string"}}],"inLanguage":"en-US"},{"@type":"Organization","@id":"https:\/\/cupin.lt\/#organization","name":"Krautuv\u0117lis, UAB","url":"https:\/\/cupin.lt\/","logo":{"@type":"ImageObject","inLanguage":"en-US","@id":"https:\/\/cupin.lt\/#\/schema\/logo\/image\/","url":"https:\/\/cupin.lt\/wp-content\/uploads\/2024\/04\/CUPIN_L-e1712423848919.png","contentUrl":"https:\/\/cupin.lt\/wp-content\/uploads\/2024\/04\/CUPIN_L-e1712423848919.png","width":300,"height":97,"caption":"Krautuv\u0117lis, UAB"},"image":{"@id":"https:\/\/cupin.lt\/#\/schema\/logo\/image\/"}}]}},"_links":{"self":[{"href":"https:\/\/cupin.lt\/en\/wp-json\/wp\/v2\/pages\/95","targetHints":{"allow":["GET"]}}],"collection":[{"href":"https:\/\/cupin.lt\/en\/wp-json\/wp\/v2\/pages"}],"about":[{"href":"https:\/\/cupin.lt\/en\/wp-json\/wp\/v2\/types\/page"}],"author":[{"embeddable":true,"href":"https:\/\/cupin.lt\/en\/wp-json\/wp\/v2\/users\/1"}],"replies":[{"embeddable":true,"href":"https:\/\/cupin.lt\/en\/wp-json\/wp\/v2\/comments?post=95"}],"version-history":[{"count":0,"href":"https:\/\/cupin.lt\/en\/wp-json\/wp\/v2\/pages\/95\/revisions"}],"wp:attachment":[{"href":"https:\/\/cupin.lt\/en\/wp-json\/wp\/v2\/media?parent=95"}],"curies":[{"name":"wp","href":"https:\/\/api.w.org\/{rel}","templated":true}]}}