{"id":6311,"date":"2024-04-06T16:56:05","date_gmt":"2024-04-06T16:56:05","guid":{"rendered":"https:\/\/cupin.lt\/?page_id=6311"},"modified":"2024-04-06T17:08:16","modified_gmt":"2024-04-06T17:08:16","slug":"privatumo-politika-2","status":"publish","type":"page","link":"https:\/\/cupin.lt\/en\/privatumo-politika-2\/","title":{"rendered":"Privacy Policy"},"content":{"rendered":"<div data-elementor-type=\"wp-page\" data-elementor-id=\"6311\" class=\"elementor elementor-6311\">\n\t\t\t\t<div class=\"elementor-element elementor-element-1bbd16c e-flex e-con-boxed e-con e-parent\" data-id=\"1bbd16c\" data-element_type=\"container\" data-e-type=\"container\">\n\t\t\t\t\t<div class=\"e-con-inner\">\n\t\t\t\t<div class=\"elementor-element elementor-element-1c8505d elementor-widget elementor-widget-heading\" data-id=\"1c8505d\" data-element_type=\"widget\" data-e-type=\"widget\" data-widget_type=\"heading.default\">\n\t\t\t\t<div class=\"elementor-widget-container\">\n\t\t\t\t\t<h3 class=\"elementor-heading-title elementor-size-default\">Privacy Policy<\/h3>\t\t\t\t<\/div>\n\t\t\t\t<\/div>\n\t\t\t\t\t<\/div>\n\t\t\t\t<\/div>\n\t\t<div class=\"elementor-element elementor-element-5614045 e-flex e-con-boxed e-con e-parent\" data-id=\"5614045\" data-element_type=\"container\" data-e-type=\"container\">\n\t\t\t\t\t<div class=\"e-con-inner\">\n\t\t\t\t<div class=\"elementor-element elementor-element-1178354 elementor-widget elementor-widget-text-editor\" data-id=\"1178354\" data-element_type=\"widget\" data-e-type=\"widget\" data-widget_type=\"text-editor.default\">\n\t\t\t\t<div class=\"elementor-widget-container\">\n\t\t\t\t\t\t\t\t\t<p>UAB Krautuv\u0117lis \u012fmonei priklausan\u010dioje www.cupin.lt svetain\u0117je yra renkami ir valdomi j\u016bs\u0173 asmeniniai duomenys.<br \/>\u0160i Privatumo politika i\u0161ai\u0161kina, kaip www.cupin.lt naudoja j\u016bs\u0173 asmeninius duomenis bei pateikia prie\u017eastis j\u016bs\u0173 asmenini\u0173 duomen\u0173 rinkimui. D\u0117l to, prie\u0161 nar\u0161ant www.cupin.lt svetain\u0117je, perskaitykite \u0161\u012f dokument\u0105.<br \/>Mes u\u017etikriname j\u016bs\u0173 asmenini\u0173 duomen\u0173 saugum\u0105 ir kon\ufb01dencialum\u0105.<\/p>\t\t\t\t\t\t\t\t<\/div>\n\t\t\t\t<\/div>\n\t\t\t\t<div class=\"elementor-element elementor-element-b10687f elementor-widget elementor-widget-heading\" data-id=\"b10687f\" data-element_type=\"widget\" data-e-type=\"widget\" data-widget_type=\"heading.default\">\n\t\t\t\t<div class=\"elementor-widget-container\">\n\t\t\t\t\t<h4 class=\"elementor-heading-title elementor-size-default\">Asmeniniai duomenys, kuriuos renkame:<\/h4>\t\t\t\t<\/div>\n\t\t\t\t<\/div>\n\t\t\t\t<div class=\"elementor-element elementor-element-070ce63 elementor-widget elementor-widget-text-editor\" data-id=\"070ce63\" data-element_type=\"widget\" data-e-type=\"widget\" data-widget_type=\"text-editor.default\">\n\t\t\t\t<div class=\"elementor-widget-container\">\n\t\t\t\t\t\t\t\t\t<p>Kuomet nar\u0161ote www.cupin.lt, automati\u0161kai renkame tam tikr\u0105 informacij\u0105 apie j\u016bs\u0173 \u012frengin\u012f \u2013 nar\u0161ykl\u0117, IP adresas, laiko juosta ir j\u016bs\u0173 \u012frenginio slapukai. Taip pat renkame statistinius duomenis apie nar\u0161ym\u0105 svetain\u0117je: puslapiai, kuriuose apsilankote, produktai, kuriuos per\u017ei\u016brite bei kita svetain\u0117s nar\u0161ymo informacija. \u0160i\u0105 automati\u0161kai renkam\u0105 informacij\u0105 vadiname <br \/>\u201e\u012erenginio informacija\u201c. Taip pat, galime rinkti asmeninius duomenis, kuriuos j\u016bs mums suteikiate (vardas, pavard\u0117, adresas, mok\u0117jimo informacija ir t.t.) sukurdami paskyr\u0105 m\u016bs\u0173 svetain\u0117je.<\/p>\t\t\t\t\t\t\t\t<\/div>\n\t\t\t\t<\/div>\n\t\t\t\t<div class=\"elementor-element elementor-element-fc8e0ca elementor-widget elementor-widget-heading\" data-id=\"fc8e0ca\" data-element_type=\"widget\" data-e-type=\"widget\" data-widget_type=\"heading.default\">\n\t\t\t\t<div class=\"elementor-widget-container\">\n\t\t\t\t\t<h4 class=\"elementor-heading-title elementor-size-default\">Kod\u0117l renkame j\u016bs\u0173 duomenis?<\/h4>\t\t\t\t<\/div>\n\t\t\t\t<\/div>\n\t\t\t\t<div class=\"elementor-element elementor-element-ff994ae elementor-widget elementor-widget-text-editor\" data-id=\"ff994ae\" data-element_type=\"widget\" data-e-type=\"widget\" data-widget_type=\"text-editor.default\">\n\t\t\t\t<div class=\"elementor-widget-container\">\n\t\t\t\t\t\t\t\t\t<p>J\u016bs\u0173 duomen\u0173 saugumas mums yra ypatingai svarbus, d\u0117l to renkame ir valdome tik b\u016btiniausius j\u016bs\u0173 asmeninius duomenis, be kuri\u0173 negal\u0117tume u\u017etikrinti sklandaus svetain\u0117s veikimo. Automati\u0161kai renkami duomenys yra naudojami svetain\u0117s analitikoje. Ta\u010diau u\u017etikriname, kad statistin\u0117je informacijoje ne\u012fmanoma atpa\u017einti konkre\u010di\u0173 vartotoj\u0173 tapatyb\u0117s. Galite apsilankyti m\u016bs\u0173 svetain\u0117je, nesuteikdami jokios informacijos, kuria b\u016bt\u0173 galima identi\ufb01kuoti j\u016bs\u0173 asmens tapatyb\u0119. Ta\u010diau, jeigu nor\u0117site pasinaudoti m\u016bs\u0173 svetain\u0117s funkcijomis, nor\u0117site gauti m\u016bs\u0173 naujienlai\u0161k\u012f arba u\u017epildysite m\u016bs\u0173 kontaktin\u0119 form\u0105, tuomet taip alite suteikti mums savo asmenini\u0173 duomen\u0173: el. pa\u0161to adres\u0105, vard\u0105, pavard\u0119, gyvenamosios vietos informacij\u0105, telefono numer\u012f. Turite pasirinkim\u0105 nesuteikti mums savo asmenini\u0173 duomen\u0173, ta\u010diau tokiu atveju negal\u0117site naudotis dauguma svetain\u0117s teikiam\u0173 funkcij\u0173. Svetain\u0117s lankytojai, ne\u017einantys, koki\u0105 informacij\u0105 privalome rinkti, gali susisiekti su mumis el. pa\u0161tu sales@cupin.lt.<\/p>\t\t\t\t\t\t\t\t<\/div>\n\t\t\t\t<\/div>\n\t\t\t\t<div class=\"elementor-element elementor-element-9dc43d8 elementor-widget elementor-widget-heading\" data-id=\"9dc43d8\" data-element_type=\"widget\" data-e-type=\"widget\" data-widget_type=\"heading.default\">\n\t\t\t\t<div class=\"elementor-widget-container\">\n\t\t\t\t\t<h4 class=\"elementor-heading-title elementor-size-default\">J\u016bs\u0173 teis\u0117s:<\/h4>\t\t\t\t<\/div>\n\t\t\t\t<\/div>\n\t\t\t\t<div class=\"elementor-element elementor-element-0ac8fbf elementor-widget elementor-widget-text-editor\" data-id=\"0ac8fbf\" data-element_type=\"widget\" data-e-type=\"widget\" data-widget_type=\"text-editor.default\">\n\t\t\t\t<div class=\"elementor-widget-container\">\n\t\t\t\t\t\t\t\t\t<p>Jeigu esate Europos gyventojas, j\u016bs turite \u012fvairi\u0173 teisi\u0173, susijusi\u0173 su j\u016bs\u0173 asmens duomen\u0173 apsauga:<\/p>\t\t\t\t\t\t\t\t<\/div>\n\t\t\t\t<\/div>\n\t\t\t\t<div class=\"elementor-element elementor-element-a16f7f7 elementor-widget elementor-widget-text-editor\" data-id=\"a16f7f7\" data-element_type=\"widget\" data-e-type=\"widget\" data-widget_type=\"text-editor.default\">\n\t\t\t\t<div class=\"elementor-widget-container\">\n\t\t\t\t\t\t\t\t\t<ul>\n<li>Teis\u0117 b\u016bti informuotam.<\/li>\n<li>Teis\u0117 gauti savo informacij\u0105, kuri\u0105 mes tvarkome.<\/li>\n<li>Teis\u0117 taisyti netiksli\u0105 ar neteising\u0105 informacij\u0105 apie jus.<\/li>\n<li>Teis\u0117 i\u0161trinti visus duomenis apie jus.<\/li>\n<li>Teis\u0117 apriboti duomen\u0173 tvarkym\u0105.<\/li>\n<li>Teis\u0117 perkelti visus surinktus duomenis apie jus kitam valdytojui.<\/li>\n<li>Teis\u0117 paprie\u0161tarauti asmens duomen\u0173 tvarkymui.<\/li>\n<li>Teis\u0117s, susijusios su automatini\u0173 duomen\u0173 valdymu.<\/li>\n<\/ul>\t\t\t\t\t\t\t\t<\/div>\n\t\t\t\t<\/div>\n\t\t\t\t<div class=\"elementor-element elementor-element-1952082 elementor-widget elementor-widget-text-editor\" data-id=\"1952082\" data-element_type=\"widget\" data-e-type=\"widget\" data-widget_type=\"text-editor.default\">\n\t\t\t\t<div class=\"elementor-widget-container\">\n\t\t\t\t\t\t\t\t\t<p>Jeigu norite daugiau informacijos, susisiekite su mumis pasinaudoj\u0119 \u017eemiau pateikta kontaktine informacija. Persp\u0117jame, kad\u00a0 valdom Europos gyventoj\u0173 asmeninius duomenis, nor\u0117dami i\u0161pildyti j\u016bs\u0173 u\u017esakymus arba kitaip \u012fgyvendinti tikslus, i\u0161vardytus dokumento prad\u017eioje. Atkreipkite d\u0117mes\u012f, kad j\u016bs\u0173 duomenys gali b\u016bti perkelti u\u017e Europos rib\u0173 (pavyzd\u017eiui, \u012f Kanad\u0105 arba JAV).<\/p>\t\t\t\t\t\t\t\t<\/div>\n\t\t\t\t<\/div>\n\t\t\t\t<div class=\"elementor-element elementor-element-8cad195 elementor-widget elementor-widget-heading\" data-id=\"8cad195\" data-element_type=\"widget\" data-e-type=\"widget\" data-widget_type=\"heading.default\">\n\t\t\t\t<div class=\"elementor-widget-container\">\n\t\t\t\t\t<h4 class=\"elementor-heading-title elementor-size-default\">Nuorodos \u012f kitas svetaines:<\/h4>\t\t\t\t<\/div>\n\t\t\t\t<\/div>\n\t\t\t\t<div class=\"elementor-element elementor-element-4ec9d3c elementor-widget elementor-widget-text-editor\" data-id=\"4ec9d3c\" data-element_type=\"widget\" data-e-type=\"widget\" data-widget_type=\"text-editor.default\">\n\t\t\t\t<div class=\"elementor-widget-container\">\n\t\t\t\t\t\t\t\t\t<p>M\u016bs\u0173 svetain\u0117je gali b\u016bti kit\u0173 svetaini\u0173, kuri\u0173 mes nevaldome, nuorodos. Pa\u017eymime, kad mes nesame atsakingi u\u017e kit\u0173 svetaini\u0173 ar tre\u010di\u0173j\u0173 \u0161ali\u0173 asmenini\u0173 duomen\u0173 rinkimo procesus. Palikus m\u016bs\u0173 svetain\u0119, rekomenduojame perskaityti tre\u010di\u0173j\u0173 \u0161ali\u0173 svetaini\u0173 privatumo politikas.<\/p>\t\t\t\t\t\t\t\t<\/div>\n\t\t\t\t<\/div>\n\t\t\t\t<div class=\"elementor-element elementor-element-e8daa1e elementor-widget elementor-widget-heading\" data-id=\"e8daa1e\" data-element_type=\"widget\" data-e-type=\"widget\" data-widget_type=\"heading.default\">\n\t\t\t\t<div class=\"elementor-widget-container\">\n\t\t\t\t\t<h4 class=\"elementor-heading-title elementor-size-default\">Duomen\u0173 apsauga:<\/h4>\t\t\t\t<\/div>\n\t\t\t\t<\/div>\n\t\t\t\t<div class=\"elementor-element elementor-element-da157d2 elementor-widget elementor-widget-text-editor\" data-id=\"da157d2\" data-element_type=\"widget\" data-e-type=\"widget\" data-widget_type=\"text-editor.default\">\n\t\t\t\t<div class=\"elementor-widget-container\">\n\t\t\t\t\t\t\t\t\t<p>J\u016bs\u0173 asmenini\u0173 duomen\u0173 apsaugai pasitelkiame auk\u0161\u010diausios kokyb\u0117s serverius, kuriuos gali pasiekti tik \u012fgalioti asmenys. Mes reguliariai stebime savo sistemas, nor\u0117dami nustatyti, ar n\u0117ra koki\u0173 nors pa\u017eeid\u017eiam\u0173 viet\u0173 ar kibernetini\u0173 atak\u0173, kuri\u0173 metu gal\u0117t\u0173 nukent\u0117ti j\u016bs\u0173 asmeniniai duomenys. Nepaisant to, negarantuojame absoliutaus j\u016bs\u0173 asmenini\u0173 duomen\u0173 saugumo.<\/p>\t\t\t\t\t\t\t\t<\/div>\n\t\t\t\t<\/div>\n\t\t\t\t<div class=\"elementor-element elementor-element-5956f2a elementor-widget elementor-widget-heading\" data-id=\"5956f2a\" data-element_type=\"widget\" data-e-type=\"widget\" data-widget_type=\"heading.default\">\n\t\t\t\t<div class=\"elementor-widget-container\">\n\t\t\t\t\t<h4 class=\"elementor-heading-title elementor-size-default\">Duomen\u0173 atskleidimas:<\/h4>\t\t\t\t<\/div>\n\t\t\t\t<\/div>\n\t\t\t\t<div class=\"elementor-element elementor-element-5e33eb6 elementor-widget elementor-widget-text-editor\" data-id=\"5e33eb6\" data-element_type=\"widget\" data-e-type=\"widget\" data-widget_type=\"text-editor.default\">\n\t\t\t\t<div class=\"elementor-widget-container\">\n\t\t\t\t\t\t\t\t\t<p>\u012estatymo numatyta tvarka pasiliekame teis\u0119 atskleisti j\u016bs\u0173 asmeninius duomenis, jei reik\u0117t\u0173 apginti savo teises, savo ir aplinkini\u0173 saugum\u0105, i\u0161tirti nusikaltim\u0105 arba atsakyti \u012f vyriausyb\u0117s pra\u0161ym\u0105 atskleisti j\u016bs\u0173 asmeninius duomenis.<\/p>\t\t\t\t\t\t\t\t<\/div>\n\t\t\t\t<\/div>\n\t\t\t\t<div class=\"elementor-element elementor-element-ef97c2b elementor-widget elementor-widget-heading\" data-id=\"ef97c2b\" data-element_type=\"widget\" data-e-type=\"widget\" data-widget_type=\"heading.default\">\n\t\t\t\t<div class=\"elementor-widget-container\">\n\t\t\t\t\t<h4 class=\"elementor-heading-title elementor-size-default\">Kontaktin\u0117 informacija:<\/h4>\t\t\t\t<\/div>\n\t\t\t\t<\/div>\n\t\t\t\t<div class=\"elementor-element elementor-element-703cdc3 elementor-widget elementor-widget-text-editor\" data-id=\"703cdc3\" data-element_type=\"widget\" data-e-type=\"widget\" data-widget_type=\"text-editor.default\">\n\t\t\t\t<div class=\"elementor-widget-container\">\n\t\t\t\t\t\t\t\t\t<p>Jeigu norite gauti daugiau informacijos apie \u0161i\u0105 privatumo politik\u0105 arba apie j\u016bs\u0173 asmeninius duomenis, kreipkit\u0117s \u012f mus el. pa\u0161tu sales@cupin.lt.<\/p>\t\t\t\t\t\t\t\t<\/div>\n\t\t\t\t<\/div>\n\t\t\t\t\t<\/div>\n\t\t\t\t<\/div>\n\t\t\t\t<\/div>","protected":false},"excerpt":{"rendered":"<p>Privatumo politika UAB Krautuv\u0117lis \u012fmonei priklausan\u010dioje www.cupin.lt svetain\u0117je yra renkami ir valdomi j\u016bs\u0173 asmeniniai duomenys.\u0160i Privatumo politika i\u0161ai\u0161kina, kaip www.cupin.lt naudoja j\u016bs\u0173 asmeninius duomenis bei pateikia prie\u017eastis j\u016bs\u0173 asmenini\u0173 duomen\u0173 rinkimui. D\u0117l to, prie\u0161 nar\u0161ant www.cupin.lt svetain\u0117je, perskaitykite \u0161\u012f dokument\u0105.Mes u\u017etikriname j\u016bs\u0173 asmenini\u0173 duomen\u0173 saugum\u0105 ir kon\ufb01dencialum\u0105. Asmeniniai duomenys, kuriuos renkame: Kuomet nar\u0161ote www.cupin.lt, automati\u0161kai [&hellip;]<\/p>","protected":false},"author":2,"featured_media":0,"parent":0,"menu_order":0,"comment_status":"closed","ping_status":"closed","template":"","meta":{"site-sidebar-layout":"no-sidebar","site-content-layout":"page-builder","ast-site-content-layout":"full-width-container","site-content-style":"default","site-sidebar-style":"default","ast-global-header-display":"","ast-banner-title-visibility":"","ast-main-header-display":"","ast-hfb-above-header-display":"","ast-hfb-below-header-display":"","ast-hfb-mobile-header-display":"","site-post-title":"disabled","ast-breadcrumbs-content":"","ast-featured-img":"disabled","footer-sml-layout":"","ast-disable-related-posts":"","theme-transparent-header-meta":"","adv-header-id-meta":"","stick-header-meta":"","header-above-stick-meta":"","header-main-stick-meta":"","header-below-stick-meta":"","astra-migrate-meta-layouts":"set","ast-page-background-enabled":"default","ast-page-background-meta":{"desktop":{"background-color":"var(--ast-global-color-4)","background-image":"","background-repeat":"repeat","background-position":"center center","background-size":"auto","background-attachment":"scroll","background-type":"","background-media":"","overlay-type":"","overlay-color":"","overlay-opacity":"","overlay-gradient":""},"tablet":{"background-color":"","background-image":"","background-repeat":"repeat","background-position":"center center","background-size":"auto","background-attachment":"scroll","background-type":"","background-media":"","overlay-type":"","overlay-color":"","overlay-opacity":"","overlay-gradient":""},"mobile":{"background-color":"","background-image":"","background-repeat":"repeat","background-position":"center center","background-size":"auto","background-attachment":"scroll","background-type":"","background-media":"","overlay-type":"","overlay-color":"","overlay-opacity":"","overlay-gradient":""}},"ast-content-background-meta":{"desktop":{"background-color":"var(--ast-global-color-5)","background-image":"","background-repeat":"repeat","background-position":"center center","background-size":"auto","background-attachment":"scroll","background-type":"","background-media":"","overlay-type":"","overlay-color":"","overlay-opacity":"","overlay-gradient":""},"tablet":{"background-color":"var(--ast-global-color-5)","background-image":"","background-repeat":"repeat","background-position":"center center","background-size":"auto","background-attachment":"scroll","background-type":"","background-media":"","overlay-type":"","overlay-color":"","overlay-opacity":"","overlay-gradient":""},"mobile":{"background-color":"var(--ast-global-color-5)","background-image":"","background-repeat":"repeat","background-position":"center center","background-size":"auto","background-attachment":"scroll","background-type":"","background-media":"","overlay-type":"","overlay-color":"","overlay-opacity":"","overlay-gradient":""}},"footnotes":""},"class_list":["post-6311","page","type-page","status-publish","hentry"],"yoast_head":"<!-- This site is optimized with the Yoast SEO plugin v23.5 - https:\/\/yoast.com\/wordpress\/plugins\/seo\/ -->\n<title>Privatumo politika - Cupin.lt<\/title>\n<meta name=\"description\" content=\"Mes si\u016blome kokybi\u0161kus popierinius puodelius kar\u0161tiems ir \u0161altiems g\u0117rimams kavin\u0117ms, restoranams, degalin\u0117ms. Si\u016blome ir ypating\u0105 prek\u0119 \u2013 puodelius su juod\u0105ja, \u017eali\u0105ja arbata, \u017eolel\u0117mis, vaisiais ir prieskoniais.\" \/>\n<meta name=\"robots\" content=\"index, follow, max-snippet:-1, max-image-preview:large, max-video-preview:-1\" \/>\n<link rel=\"canonical\" href=\"https:\/\/cupin.lt\/en\/privatumo-politika-2\/\" \/>\n<meta property=\"og:locale\" content=\"en_US\" \/>\n<meta property=\"og:type\" content=\"article\" \/>\n<meta property=\"og:title\" content=\"Privatumo politika - Cupin.lt\" \/>\n<meta property=\"og:description\" content=\"Mes si\u016blome kokybi\u0161kus popierinius puodelius kar\u0161tiems ir \u0161altiems g\u0117rimams kavin\u0117ms, restoranams, degalin\u0117ms. Si\u016blome ir ypating\u0105 prek\u0119 \u2013 puodelius su juod\u0105ja, \u017eali\u0105ja arbata, \u017eolel\u0117mis, vaisiais ir prieskoniais.\" \/>\n<meta property=\"og:url\" content=\"https:\/\/cupin.lt\/en\/privatumo-politika-2\/\" \/>\n<meta property=\"og:site_name\" content=\"Cupin.lt\" \/>\n<meta property=\"article:modified_time\" content=\"2024-04-06T17:08:16+00:00\" \/>\n<meta name=\"twitter:card\" content=\"summary_large_image\" \/>\n<meta name=\"twitter:label1\" content=\"Est. reading time\" \/>\n\t<meta name=\"twitter:data1\" content=\"3 minutes\" \/>\n<script type=\"application\/ld+json\" class=\"yoast-schema-graph\">{\"@context\":\"https:\/\/schema.org\",\"@graph\":[{\"@type\":\"WebPage\",\"@id\":\"https:\/\/cupin.lt\/privatumo-politika-2\/\",\"url\":\"https:\/\/cupin.lt\/privatumo-politika-2\/\",\"name\":\"Privatumo politika - Cupin.lt\",\"isPartOf\":{\"@id\":\"https:\/\/cupin.lt\/#website\"},\"datePublished\":\"2024-04-06T16:56:05+00:00\",\"dateModified\":\"2024-04-06T17:08:16+00:00\",\"description\":\"Mes si\u016blome kokybi\u0161kus popierinius puodelius kar\u0161tiems ir \u0161altiems g\u0117rimams kavin\u0117ms, restoranams, degalin\u0117ms. Si\u016blome ir ypating\u0105 prek\u0119 \u2013 puodelius su juod\u0105ja, \u017eali\u0105ja arbata, \u017eolel\u0117mis, vaisiais ir prieskoniais.\",\"breadcrumb\":{\"@id\":\"https:\/\/cupin.lt\/privatumo-politika-2\/#breadcrumb\"},\"inLanguage\":\"en-US\",\"potentialAction\":[{\"@type\":\"ReadAction\",\"target\":[\"https:\/\/cupin.lt\/privatumo-politika-2\/\"]}]},{\"@type\":\"BreadcrumbList\",\"@id\":\"https:\/\/cupin.lt\/privatumo-politika-2\/#breadcrumb\",\"itemListElement\":[{\"@type\":\"ListItem\",\"position\":1,\"name\":\"Home\",\"item\":\"https:\/\/cupin.lt\/\"},{\"@type\":\"ListItem\",\"position\":2,\"name\":\"Privatumo politika\"}]},{\"@type\":\"WebSite\",\"@id\":\"https:\/\/cupin.lt\/#website\",\"url\":\"https:\/\/cupin.lt\/\",\"name\":\"Cupin.lt\",\"description\":\"Kokybi\u0161ki popieriniai puodeliai ir mineralinis vanduo\",\"publisher\":{\"@id\":\"https:\/\/cupin.lt\/#organization\"},\"potentialAction\":[{\"@type\":\"SearchAction\",\"target\":{\"@type\":\"EntryPoint\",\"urlTemplate\":\"https:\/\/cupin.lt\/?s={search_term_string}\"},\"query-input\":{\"@type\":\"PropertyValueSpecification\",\"valueRequired\":true,\"valueName\":\"search_term_string\"}}],\"inLanguage\":\"en-US\"},{\"@type\":\"Organization\",\"@id\":\"https:\/\/cupin.lt\/#organization\",\"name\":\"Krautuv\u0117lis, UAB\",\"url\":\"https:\/\/cupin.lt\/\",\"logo\":{\"@type\":\"ImageObject\",\"inLanguage\":\"en-US\",\"@id\":\"https:\/\/cupin.lt\/#\/schema\/logo\/image\/\",\"url\":\"https:\/\/cupin.lt\/wp-content\/uploads\/2024\/04\/CUPIN_L-e1712423848919.png\",\"contentUrl\":\"https:\/\/cupin.lt\/wp-content\/uploads\/2024\/04\/CUPIN_L-e1712423848919.png\",\"width\":300,\"height\":97,\"caption\":\"Krautuv\u0117lis, UAB\"},\"image\":{\"@id\":\"https:\/\/cupin.lt\/#\/schema\/logo\/image\/\"}}]}<\/script>\n<!-- \/ Yoast SEO plugin. -->","yoast_head_json":{"title":"Privatumo politika - Cupin.lt","description":"Mes si\u016blome kokybi\u0161kus popierinius puodelius kar\u0161tiems ir \u0161altiems g\u0117rimams kavin\u0117ms, restoranams, degalin\u0117ms. Si\u016blome ir ypating\u0105 prek\u0119 \u2013 puodelius su juod\u0105ja, \u017eali\u0105ja arbata, \u017eolel\u0117mis, vaisiais ir prieskoniais.","robots":{"index":"index","follow":"follow","max-snippet":"max-snippet:-1","max-image-preview":"max-image-preview:large","max-video-preview":"max-video-preview:-1"},"canonical":"https:\/\/cupin.lt\/en\/privatumo-politika-2\/","og_locale":"en_US","og_type":"article","og_title":"Privatumo politika - Cupin.lt","og_description":"Mes si\u016blome kokybi\u0161kus popierinius puodelius kar\u0161tiems ir \u0161altiems g\u0117rimams kavin\u0117ms, restoranams, degalin\u0117ms. Si\u016blome ir ypating\u0105 prek\u0119 \u2013 puodelius su juod\u0105ja, \u017eali\u0105ja arbata, \u017eolel\u0117mis, vaisiais ir prieskoniais.","og_url":"https:\/\/cupin.lt\/en\/privatumo-politika-2\/","og_site_name":"Cupin.lt","article_modified_time":"2024-04-06T17:08:16+00:00","twitter_card":"summary_large_image","twitter_misc":{"Est. reading time":"3 minutes"},"schema":{"@context":"https:\/\/schema.org","@graph":[{"@type":"WebPage","@id":"https:\/\/cupin.lt\/privatumo-politika-2\/","url":"https:\/\/cupin.lt\/privatumo-politika-2\/","name":"Privatumo politika - Cupin.lt","isPartOf":{"@id":"https:\/\/cupin.lt\/#website"},"datePublished":"2024-04-06T16:56:05+00:00","dateModified":"2024-04-06T17:08:16+00:00","description":"Mes si\u016blome kokybi\u0161kus popierinius puodelius kar\u0161tiems ir \u0161altiems g\u0117rimams kavin\u0117ms, restoranams, degalin\u0117ms. Si\u016blome ir ypating\u0105 prek\u0119 \u2013 puodelius su juod\u0105ja, \u017eali\u0105ja arbata, \u017eolel\u0117mis, vaisiais ir prieskoniais.","breadcrumb":{"@id":"https:\/\/cupin.lt\/privatumo-politika-2\/#breadcrumb"},"inLanguage":"en-US","potentialAction":[{"@type":"ReadAction","target":["https:\/\/cupin.lt\/privatumo-politika-2\/"]}]},{"@type":"BreadcrumbList","@id":"https:\/\/cupin.lt\/privatumo-politika-2\/#breadcrumb","itemListElement":[{"@type":"ListItem","position":1,"name":"Home","item":"https:\/\/cupin.lt\/"},{"@type":"ListItem","position":2,"name":"Privatumo politika"}]},{"@type":"WebSite","@id":"https:\/\/cupin.lt\/#website","url":"https:\/\/cupin.lt\/","name":"Cupin.lt","description":"Kokybi\u0161ki popieriniai puodeliai ir mineralinis vanduo","publisher":{"@id":"https:\/\/cupin.lt\/#organization"},"potentialAction":[{"@type":"SearchAction","target":{"@type":"EntryPoint","urlTemplate":"https:\/\/cupin.lt\/?s={search_term_string}"},"query-input":{"@type":"PropertyValueSpecification","valueRequired":true,"valueName":"search_term_string"}}],"inLanguage":"en-US"},{"@type":"Organization","@id":"https:\/\/cupin.lt\/#organization","name":"Krautuv\u0117lis, UAB","url":"https:\/\/cupin.lt\/","logo":{"@type":"ImageObject","inLanguage":"en-US","@id":"https:\/\/cupin.lt\/#\/schema\/logo\/image\/","url":"https:\/\/cupin.lt\/wp-content\/uploads\/2024\/04\/CUPIN_L-e1712423848919.png","contentUrl":"https:\/\/cupin.lt\/wp-content\/uploads\/2024\/04\/CUPIN_L-e1712423848919.png","width":300,"height":97,"caption":"Krautuv\u0117lis, UAB"},"image":{"@id":"https:\/\/cupin.lt\/#\/schema\/logo\/image\/"}}]}},"_links":{"self":[{"href":"https:\/\/cupin.lt\/en\/wp-json\/wp\/v2\/pages\/6311","targetHints":{"allow":["GET"]}}],"collection":[{"href":"https:\/\/cupin.lt\/en\/wp-json\/wp\/v2\/pages"}],"about":[{"href":"https:\/\/cupin.lt\/en\/wp-json\/wp\/v2\/types\/page"}],"author":[{"embeddable":true,"href":"https:\/\/cupin.lt\/en\/wp-json\/wp\/v2\/users\/2"}],"replies":[{"embeddable":true,"href":"https:\/\/cupin.lt\/en\/wp-json\/wp\/v2\/comments?post=6311"}],"version-history":[{"count":0,"href":"https:\/\/cupin.lt\/en\/wp-json\/wp\/v2\/pages\/6311\/revisions"}],"wp:attachment":[{"href":"https:\/\/cupin.lt\/en\/wp-json\/wp\/v2\/media?parent=6311"}],"curies":[{"name":"wp","href":"https:\/\/api.w.org\/{rel}","templated":true}]}}